{"id":15,"date":"2021-02-22T21:57:10","date_gmt":"2021-02-22T20:57:10","guid":{"rendered":"http:\/\/www.mastbecrazy.de\/?page_id=15"},"modified":"2022-10-07T01:35:15","modified_gmt":"2022-10-06T23:35:15","slug":"finanzen","status":"publish","type":"page","link":"https:\/\/mastbecrazy.de\/?page_id=15","title":{"rendered":"Finanzministerium"},"content":{"rendered":"\n<div class=\"wp-block-columns is-layout-flex wp-container-3 wp-block-columns-is-layout-flex\">\n<div class=\"wp-block-column is-layout-flow wp-block-column-is-layout-flow\" style=\"flex-basis:100%\">\n<div class=\"wp-block-group is-layout-flow wp-block-group-is-layout-flow\"><div class=\"wp-block-group__inner-container\"><ul class=\"wp-block-latest-posts__list has-dates has-author wp-block-latest-posts\"><li><a class=\"wp-block-latest-posts__post-title\" href=\"https:\/\/mastbecrazy.de\/?p=1467\">Jahresabschluss 4. Jahr \u2013 2023 \/ 2024<\/a><div class=\"wp-block-latest-posts__post-author\">von Dominik<\/div><time datetime=\"2025-02-01T15:37:14+01:00\" class=\"wp-block-latest-posts__post-date\">1. Februar 2025<\/time><div class=\"wp-block-latest-posts__post-excerpt\">An folgenden Orten waren wir in dieser Zeit: Im Jahr 2024 haben wir, nachdem wir Dahab kennengelernt hatten, beschlossen zum ersten Mal eine uns bekannte Stadt erneut zu besuchen.In Deutschland hatten wir die M\u00f6glichkeit bekommen ein Haus f\u00fcr 2 Monate zu mieten, dadurch war der Aufenthalt nicht ganz so wild wie im Jahr davor. Hier \u00a0\u2026 <a href=\"https:\/\/mastbecrazy.de\/?p=1467\" rel=\"noopener noreferrer\">Weiterlesen<\/a><\/div><\/li>\n<li><a class=\"wp-block-latest-posts__post-title\" href=\"https:\/\/mastbecrazy.de\/?p=1266\">Jahresabschluss 3.Jahr \u2013 2022 \/ 2023<\/a><div class=\"wp-block-latest-posts__post-author\">von Dominik<\/div><time datetime=\"2024-03-02T06:57:30+01:00\" class=\"wp-block-latest-posts__post-date\">2. M\u00e4rz 2024<\/time><div class=\"wp-block-latest-posts__post-excerpt\">Kurze \u00dcbersicht was wir in dieser Periode gemacht haben:&#8211; Oktober &#8211; April =&gt; weiterhin in Puerto Morelos&#8211; April &#8211; Juli =&gt; Spanien, Platja d&#8217;Aro&#8211; Juli &#8211; September =&gt; Deutschland Das erste halbe Jahr waren wir weiterhin in unserem Puerto Morelos Trott.Ein paar Wochen vor dem Flug wurde uns bewusst, dass wir uns darauf freuen, wieder \u00a0\u2026 <a href=\"https:\/\/mastbecrazy.de\/?p=1266\" rel=\"noopener noreferrer\">Weiterlesen<\/a><\/div><\/li>\n<li><a class=\"wp-block-latest-posts__post-title\" href=\"https:\/\/mastbecrazy.de\/?p=1112\">Jahresabschluss 2.Jahr &#8211; 2021 \/ 2022<\/a><div class=\"wp-block-latest-posts__post-author\">von Dominik<\/div><time datetime=\"2022-10-08T02:57:00+02:00\" class=\"wp-block-latest-posts__post-date\">8. Oktober 2022<\/time><div class=\"wp-block-latest-posts__post-excerpt\">Unser zweites Jahr ist nun zu Ende gegangen, somit wird es Zeit f\u00fcr den zweiten Jahresabschluss. Dieses Jahr kann man nicht wirklich als Reise bezeichnen. Wir sind Anfang September 2021 von Deutschland nach Mexiko geflogen. Dort hatten wir vor 2 Monaten zu bleiben, um in Ruhe unser Langzeitvisum zu besorgen. Daraus wurden 12 Monate und \u00a0\u2026 <a href=\"https:\/\/mastbecrazy.de\/?p=1112\" rel=\"noopener noreferrer\">Weiterlesen<\/a><\/div><\/li>\n<li><a class=\"wp-block-latest-posts__post-title\" href=\"https:\/\/mastbecrazy.de\/?p=940\">Jahresabschluss 1.Jahr &#8211; 2020 \/ 2021<\/a><div class=\"wp-block-latest-posts__post-author\">von Dominik<\/div><time datetime=\"2021-10-14T14:08:30+02:00\" class=\"wp-block-latest-posts__post-date\">14. Oktober 2021<\/time><div class=\"wp-block-latest-posts__post-excerpt\">Wir sind nun etwas \u00fcber ein Jahr auf Reise. Es wird also Zeit die erste Bilanz zu ziehen und zu schauen wie gut wir unser Budget eingehalten haben. Hier die Ausgaben in dem ersten Reisejahr: Unterkunft Bei den Unterk\u00fcnften hatten wir am Anfang ein Budget von 1.200\u20ac. Auf Teneriffa hatten wir eine Wohnung, die uns \u00a0\u2026 <a href=\"https:\/\/mastbecrazy.de\/?p=940\" rel=\"noopener noreferrer\">Weiterlesen<\/a><\/div><\/li>\n<li><a class=\"wp-block-latest-posts__post-title\" href=\"https:\/\/mastbecrazy.de\/?p=688\">Finanzreport #2 &#8211; Kapital, Budget und die finanzielle Freiheit<\/a><div class=\"wp-block-latest-posts__post-author\">von Dominik<\/div><time datetime=\"2021-06-20T09:05:40+02:00\" class=\"wp-block-latest-posts__post-date\">20. Juni 2021<\/time><div class=\"wp-block-latest-posts__post-excerpt\">Heute soll es \u00fcber das Zusammenspiel von Verm\u00f6gen, Budget und Investieren gehen und wie diese Bausteine zur finanziellen Freiheit geh\u00f6ren. Daf\u00fcr werde ich viel rechnen und uns diese Zahlen genauer anschauen. Begriffe Finanzielle FreiheitFinanzielle Freiheit bedeutet seinen Lebensunterhalt bestreiten zu k\u00f6nnen ohne von Erwerbseinkommen abh\u00e4ngig zu sein.Das Ziel muss nicht die Arbeitslosigkeit sein, es langt \u00a0\u2026 <a href=\"https:\/\/mastbecrazy.de\/?p=688\" rel=\"noopener noreferrer\">Weiterlesen<\/a><\/div><\/li>\n<li><a class=\"wp-block-latest-posts__post-title\" href=\"https:\/\/mastbecrazy.de\/?p=570\">Finanzreport #1 &#8211; Reisebudget<\/a><div class=\"wp-block-latest-posts__post-author\">von Dominik<\/div><time datetime=\"2021-05-22T21:30:03+02:00\" class=\"wp-block-latest-posts__post-date\">22. Mai 2021<\/time><div class=\"wp-block-latest-posts__post-excerpt\">Die Budgetplanung ist eins der wichtigsten Themen und das nicht nur f\u00fcr das Reisen. Wer kennt es nicht, man setzt sich ein Budget und landet am Schluss trotzdem bei +30%, +50%, oder sogar bei +100%. Nach der mehr oder weniger erschreckenden Erkenntnis hilft einem das Gehirn sofort, indem die \u00dcberschreitung sch\u00f6n geredet wird. Dadurch ist \u00a0\u2026 <a href=\"https:\/\/mastbecrazy.de\/?p=570\" rel=\"noopener noreferrer\">Weiterlesen<\/a><\/div><\/li>\n<\/ul><\/div><\/div>\n<\/div>\n<\/div>\n","protected":false},"excerpt":{"rendered":"","protected":false},"author":3,"featured_media":0,"parent":0,"menu_order":1,"comment_status":"closed","ping_status":"closed","template":"","meta":{"footnotes":""},"yoast_head":"<!-- This site is optimized with the Yoast SEO plugin v20.1 - https:\/\/yoast.com\/wordpress\/plugins\/seo\/ -->\n<title>Finanzministerium - Mast be crazy<\/title>\n<meta name=\"robots\" content=\"noindex, follow, max-snippet:-1, max-image-preview:large, max-video-preview:-1\" \/>\n<meta property=\"og:locale\" content=\"de_DE\" \/>\n<meta property=\"og:type\" content=\"article\" \/>\n<meta property=\"og:title\" content=\"Finanzministerium - Mast be crazy\" \/>\n<meta property=\"og:url\" content=\"https:\/\/mastbecrazy.de\/?page_id=15\" \/>\n<meta property=\"og:site_name\" content=\"Mast be crazy\" \/>\n<meta property=\"article:modified_time\" content=\"2022-10-06T23:35:15+00:00\" \/>\n<meta name=\"twitter:card\" content=\"summary_large_image\" \/>\n<script type=\"application\/ld+json\" class=\"yoast-schema-graph\">{\"@context\":\"https:\/\/schema.org\",\"@graph\":[{\"@type\":\"WebPage\",\"@id\":\"https:\/\/mastbecrazy.de\/?page_id=15\",\"url\":\"https:\/\/mastbecrazy.de\/?page_id=15\",\"name\":\"Finanzministerium - Mast be crazy\",\"isPartOf\":{\"@id\":\"https:\/\/mastbecrazy.de\/#website\"},\"datePublished\":\"2021-02-22T20:57:10+00:00\",\"dateModified\":\"2022-10-06T23:35:15+00:00\",\"breadcrumb\":{\"@id\":\"https:\/\/mastbecrazy.de\/?page_id=15#breadcrumb\"},\"inLanguage\":\"de\",\"potentialAction\":[{\"@type\":\"ReadAction\",\"target\":[\"https:\/\/mastbecrazy.de\/?page_id=15\"]}]},{\"@type\":\"BreadcrumbList\",\"@id\":\"https:\/\/mastbecrazy.de\/?page_id=15#breadcrumb\",\"itemListElement\":[{\"@type\":\"ListItem\",\"position\":1,\"name\":\"Startseite\",\"item\":\"https:\/\/mastbecrazy.de\/\"},{\"@type\":\"ListItem\",\"position\":2,\"name\":\"Finanzministerium\"}]},{\"@type\":\"WebSite\",\"@id\":\"https:\/\/mastbecrazy.de\/#website\",\"url\":\"https:\/\/mastbecrazy.de\/\",\"name\":\"Mast be crazy\",\"description\":\"\",\"potentialAction\":[{\"@type\":\"SearchAction\",\"target\":{\"@type\":\"EntryPoint\",\"urlTemplate\":\"https:\/\/mastbecrazy.de\/?s={search_term_string}\"},\"query-input\":\"required name=search_term_string\"}],\"inLanguage\":\"de\"}]}<\/script>\n<!-- \/ Yoast SEO plugin. -->","yoast_head_json":{"title":"Finanzministerium - Mast be crazy","robots":{"index":"noindex","follow":"follow","max-snippet":"max-snippet:-1","max-image-preview":"max-image-preview:large","max-video-preview":"max-video-preview:-1"},"og_locale":"de_DE","og_type":"article","og_title":"Finanzministerium - Mast be crazy","og_url":"https:\/\/mastbecrazy.de\/?page_id=15","og_site_name":"Mast be crazy","article_modified_time":"2022-10-06T23:35:15+00:00","twitter_card":"summary_large_image","schema":{"@context":"https:\/\/schema.org","@graph":[{"@type":"WebPage","@id":"https:\/\/mastbecrazy.de\/?page_id=15","url":"https:\/\/mastbecrazy.de\/?page_id=15","name":"Finanzministerium - Mast be crazy","isPartOf":{"@id":"https:\/\/mastbecrazy.de\/#website"},"datePublished":"2021-02-22T20:57:10+00:00","dateModified":"2022-10-06T23:35:15+00:00","breadcrumb":{"@id":"https:\/\/mastbecrazy.de\/?page_id=15#breadcrumb"},"inLanguage":"de","potentialAction":[{"@type":"ReadAction","target":["https:\/\/mastbecrazy.de\/?page_id=15"]}]},{"@type":"BreadcrumbList","@id":"https:\/\/mastbecrazy.de\/?page_id=15#breadcrumb","itemListElement":[{"@type":"ListItem","position":1,"name":"Startseite","item":"https:\/\/mastbecrazy.de\/"},{"@type":"ListItem","position":2,"name":"Finanzministerium"}]},{"@type":"WebSite","@id":"https:\/\/mastbecrazy.de\/#website","url":"https:\/\/mastbecrazy.de\/","name":"Mast be crazy","description":"","potentialAction":[{"@type":"SearchAction","target":{"@type":"EntryPoint","urlTemplate":"https:\/\/mastbecrazy.de\/?s={search_term_string}"},"query-input":"required name=search_term_string"}],"inLanguage":"de"}]}},"_links":{"self":[{"href":"https:\/\/mastbecrazy.de\/index.php?rest_route=\/wp\/v2\/pages\/15"}],"collection":[{"href":"https:\/\/mastbecrazy.de\/index.php?rest_route=\/wp\/v2\/pages"}],"about":[{"href":"https:\/\/mastbecrazy.de\/index.php?rest_route=\/wp\/v2\/types\/page"}],"author":[{"embeddable":true,"href":"https:\/\/mastbecrazy.de\/index.php?rest_route=\/wp\/v2\/users\/3"}],"replies":[{"embeddable":true,"href":"https:\/\/mastbecrazy.de\/index.php?rest_route=%2Fwp%2Fv2%2Fcomments&post=15"}],"version-history":[{"count":6,"href":"https:\/\/mastbecrazy.de\/index.php?rest_route=\/wp\/v2\/pages\/15\/revisions"}],"predecessor-version":[{"id":1111,"href":"https:\/\/mastbecrazy.de\/index.php?rest_route=\/wp\/v2\/pages\/15\/revisions\/1111"}],"wp:attachment":[{"href":"https:\/\/mastbecrazy.de\/index.php?rest_route=%2Fwp%2Fv2%2Fmedia&parent=15"}],"curies":[{"name":"wp","href":"https:\/\/api.w.org\/{rel}","templated":true}]}}