{"id":643,"date":"2021-05-31T22:51:56","date_gmt":"2021-05-31T20:51:56","guid":{"rendered":"http:\/\/www.mastbecrazy.de\/?page_id=643"},"modified":"2021-05-31T22:51:56","modified_gmt":"2021-05-31T20:51:56","slug":"unterkuenfte","status":"publish","type":"page","link":"https:\/\/mastbecrazy.de\/?page_id=643","title":{"rendered":"Unterk\u00fcnfte"},"content":{"rendered":"\n<table id=\"tablepress-14\" class=\"tablepress tablepress-id-14\" aria-describedby=\"tablepress-14-description\">\n<thead>\n<tr class=\"row-1\">\n\t<th class=\"column-1\">Land\/Ort<\/th><th class=\"column-2\">Tage<\/th><th class=\"column-3\">Kosten<\/th><th class=\"column-4\">Kosten pro Tag<\/th>\n<\/tr>\n<\/thead>\n<tbody class=\"row-striping row-hover\">\n<tr class=\"row-2\">\n\t<td class=\"column-1\"><a href=\"https:\/\/www.airbnb.de\/rooms\/8587004?source_impression_id=p3_1622493296_74yjVup3txvgBWZr&amp;guests=1&amp;adults=1\" rel=\"noopener\" target=\"_blank\">Italien \/ Lipari<\/a><\/td><td class=\"column-2\">83<\/td><td class=\"column-3\">2.138 \u20ac<\/td><td class=\"column-4\">26 \u20ac<\/td>\n<\/tr>\n<tr class=\"row-3\">\n\t<td class=\"column-1\"><a href=\"https:\/\/www.booking.com\/hotel\/it\/harmony-rooms.de.html?aid=304142;label=gen173nr-1FCAEoggI46AdIM1gEaEaIAQGYAQe4ARfIAQzYAQHoAQH4AQuIAgGoAgO4ApST1YUGwAIB0gIkYmYyNGRiZTYtYjYyYi00NThjLWJlNzItZDZhMzUwNzNkZTRh2AIG4AIB;sid=8dd28db8ec90c580571fcb250e6c07ab\" rel=\"noopener\" target=\"_blank\">Italien \/ Catania<\/a><\/td><td class=\"column-2\">1<\/td><td class=\"column-3\">42 \u20ac<\/td><td class=\"column-4\">42 \u20ac<\/td>\n<\/tr>\n<tr class=\"row-4\">\n\t<td class=\"column-1\"><a href=\"https:\/\/www.airbnb.de\/rooms\/45046773?source_impression_id=p3_1622493380_G20Ho01Sx4AwNIQX&amp;guests=1&amp;adults=1\" rel=\"noopener\" target=\"_blank\">Teneriffa \/ Costa del Silencio <\/a><\/td><td class=\"column-2\">28<\/td><td class=\"column-3\">873 \u20ac<\/td><td class=\"column-4\">31 \u20ac<\/td>\n<\/tr>\n<tr class=\"row-5\">\n\t<td class=\"column-1\"><a href=\"https:\/\/www.airbnb.de\/rooms\/19113465?source_impression_id=p3_1622493463_lLtHBX6dyxBmhaHl&amp;guests=1&amp;adults=1\" rel=\"noopener\" target=\"_blank\">Teneriffa \/ La Listada<\/a><\/td><td class=\"column-2\">49<\/td><td class=\"column-3\">1.781 \u20ac<\/td><td class=\"column-4\">36 \u20ac<\/td>\n<\/tr>\n<tr class=\"row-6\">\n\t<td class=\"column-1\"><a href=\"https:\/\/www.airbnb.de\/rooms\/2140579?source_impression_id=p3_1622493493_cNmkqmGHjwnDlam2&amp;guests=1&amp;adults=1\" rel=\"noopener\" target=\"_blank\">Teneriffa \/ Poris de Abona<\/a><\/td><td class=\"column-2\">58<\/td><td class=\"column-3\">1.482 \u20ac<\/td><td class=\"column-4\">26 \u20ac<\/td>\n<\/tr>\n<tr class=\"row-7\">\n\t<td class=\"column-1\"><a href=\"https:\/\/www.airbnb.de\/rooms\/8544037?source_impression_id=p3_1629051049_1yTHqMC3D2dKRjqv&amp;guests=1&amp;adults=1\" rel=\"noopener\" target=\"_blank\">Teneriffa \/ El Chorrillo<\/a><\/td><td class=\"column-2\">77<\/td><td class=\"column-3\">1.656 \u20ac<\/td><td class=\"column-4\">22 \u20ac<\/td>\n<\/tr>\n<tr class=\"row-8\">\n\t<td class=\"column-1\"><a href=\"http:\/\/www.mastbecrazy.de\/2021\/11\/20\/neuigkeiten\/\">Mexiko \/ Puerto Morelos<\/a><\/td><td class=\"column-2\">61<\/td><td class=\"column-3\">1.297 \u20ac<\/td><td class=\"column-4\">21 \u20ac<\/td>\n<\/tr>\n<\/tbody>\n<\/table>\n<span id=\"tablepress-14-description\" class=\"tablepress-table-description tablepress-table-description-id-14\">Bei jeder unserer Unterk\u00fcnfte hinterlassen wir eine Bewertung, die ihr euch \u00fcber den Link anschauen k\u00f6nnt.<\/span>\n<!-- #tablepress-14 from cache -->\n","protected":false},"excerpt":{"rendered":"","protected":false},"author":3,"featured_media":0,"parent":0,"menu_order":0,"comment_status":"closed","ping_status":"closed","template":"","meta":{"footnotes":""},"yoast_head":"<!-- This site is optimized with the Yoast SEO plugin v20.1 - https:\/\/yoast.com\/wordpress\/plugins\/seo\/ -->\n<title>Unterk\u00fcnfte - Mast be crazy<\/title>\n<meta name=\"robots\" content=\"noindex, follow, max-snippet:-1, max-image-preview:large, max-video-preview:-1\" \/>\n<meta property=\"og:locale\" content=\"de_DE\" \/>\n<meta property=\"og:type\" content=\"article\" \/>\n<meta property=\"og:title\" content=\"Unterk\u00fcnfte - Mast be crazy\" \/>\n<meta property=\"og:url\" content=\"https:\/\/mastbecrazy.de\/?page_id=643\" \/>\n<meta property=\"og:site_name\" content=\"Mast be crazy\" \/>\n<meta name=\"twitter:card\" content=\"summary_large_image\" \/>\n<script type=\"application\/ld+json\" class=\"yoast-schema-graph\">{\"@context\":\"https:\/\/schema.org\",\"@graph\":[{\"@type\":\"WebPage\",\"@id\":\"https:\/\/mastbecrazy.de\/?page_id=643\",\"url\":\"https:\/\/mastbecrazy.de\/?page_id=643\",\"name\":\"Unterk\u00fcnfte - Mast be crazy\",\"isPartOf\":{\"@id\":\"https:\/\/mastbecrazy.de\/#website\"},\"datePublished\":\"2021-05-31T20:51:56+00:00\",\"dateModified\":\"2021-05-31T20:51:56+00:00\",\"breadcrumb\":{\"@id\":\"https:\/\/mastbecrazy.de\/?page_id=643#breadcrumb\"},\"inLanguage\":\"de\",\"potentialAction\":[{\"@type\":\"ReadAction\",\"target\":[\"https:\/\/mastbecrazy.de\/?page_id=643\"]}]},{\"@type\":\"BreadcrumbList\",\"@id\":\"https:\/\/mastbecrazy.de\/?page_id=643#breadcrumb\",\"itemListElement\":[{\"@type\":\"ListItem\",\"position\":1,\"name\":\"Startseite\",\"item\":\"https:\/\/mastbecrazy.de\/\"},{\"@type\":\"ListItem\",\"position\":2,\"name\":\"Unterk\u00fcnfte\"}]},{\"@type\":\"WebSite\",\"@id\":\"https:\/\/mastbecrazy.de\/#website\",\"url\":\"https:\/\/mastbecrazy.de\/\",\"name\":\"Mast be crazy\",\"description\":\"\",\"potentialAction\":[{\"@type\":\"SearchAction\",\"target\":{\"@type\":\"EntryPoint\",\"urlTemplate\":\"https:\/\/mastbecrazy.de\/?s={search_term_string}\"},\"query-input\":\"required name=search_term_string\"}],\"inLanguage\":\"de\"}]}<\/script>\n<!-- \/ Yoast SEO plugin. -->","yoast_head_json":{"title":"Unterk\u00fcnfte - Mast be crazy","robots":{"index":"noindex","follow":"follow","max-snippet":"max-snippet:-1","max-image-preview":"max-image-preview:large","max-video-preview":"max-video-preview:-1"},"og_locale":"de_DE","og_type":"article","og_title":"Unterk\u00fcnfte - Mast be crazy","og_url":"https:\/\/mastbecrazy.de\/?page_id=643","og_site_name":"Mast be crazy","twitter_card":"summary_large_image","schema":{"@context":"https:\/\/schema.org","@graph":[{"@type":"WebPage","@id":"https:\/\/mastbecrazy.de\/?page_id=643","url":"https:\/\/mastbecrazy.de\/?page_id=643","name":"Unterk\u00fcnfte - Mast be crazy","isPartOf":{"@id":"https:\/\/mastbecrazy.de\/#website"},"datePublished":"2021-05-31T20:51:56+00:00","dateModified":"2021-05-31T20:51:56+00:00","breadcrumb":{"@id":"https:\/\/mastbecrazy.de\/?page_id=643#breadcrumb"},"inLanguage":"de","potentialAction":[{"@type":"ReadAction","target":["https:\/\/mastbecrazy.de\/?page_id=643"]}]},{"@type":"BreadcrumbList","@id":"https:\/\/mastbecrazy.de\/?page_id=643#breadcrumb","itemListElement":[{"@type":"ListItem","position":1,"name":"Startseite","item":"https:\/\/mastbecrazy.de\/"},{"@type":"ListItem","position":2,"name":"Unterk\u00fcnfte"}]},{"@type":"WebSite","@id":"https:\/\/mastbecrazy.de\/#website","url":"https:\/\/mastbecrazy.de\/","name":"Mast be crazy","description":"","potentialAction":[{"@type":"SearchAction","target":{"@type":"EntryPoint","urlTemplate":"https:\/\/mastbecrazy.de\/?s={search_term_string}"},"query-input":"required name=search_term_string"}],"inLanguage":"de"}]}},"_links":{"self":[{"href":"https:\/\/mastbecrazy.de\/index.php?rest_route=\/wp\/v2\/pages\/643"}],"collection":[{"href":"https:\/\/mastbecrazy.de\/index.php?rest_route=\/wp\/v2\/pages"}],"about":[{"href":"https:\/\/mastbecrazy.de\/index.php?rest_route=\/wp\/v2\/types\/page"}],"author":[{"embeddable":true,"href":"https:\/\/mastbecrazy.de\/index.php?rest_route=\/wp\/v2\/users\/3"}],"replies":[{"embeddable":true,"href":"https:\/\/mastbecrazy.de\/index.php?rest_route=%2Fwp%2Fv2%2Fcomments&post=643"}],"version-history":[{"count":3,"href":"https:\/\/mastbecrazy.de\/index.php?rest_route=\/wp\/v2\/pages\/643\/revisions"}],"predecessor-version":[{"id":653,"href":"https:\/\/mastbecrazy.de\/index.php?rest_route=\/wp\/v2\/pages\/643\/revisions\/653"}],"wp:attachment":[{"href":"https:\/\/mastbecrazy.de\/index.php?rest_route=%2Fwp%2Fv2%2Fmedia&parent=643"}],"curies":[{"name":"wp","href":"https:\/\/api.w.org\/{rel}","templated":true}]}}